{"id":27,"date":"2024-11-20T16:23:18","date_gmt":"2024-11-20T16:23:18","guid":{"rendered":"https:\/\/summerhouse.ee\/vana\/?page_id=27"},"modified":"2025-11-27T14:36:32","modified_gmt":"2025-11-27T14:36:32","slug":"contacts","status":"publish","type":"page","link":"https:\/\/summerhouse.ee\/ger\/contacts\/","title":{"rendered":"Kontakte"},"content":{"rendered":"\n<div class=\"wp-block-cover alignfull has-parallax\" style=\"min-height:343px;aspect-ratio:unset;\"><div class=\"wp-block-cover__image-background wp-image-470 has-parallax\" style=\"background-position:50% 50%;background-image:url(https:\/\/summerhouse.ee\/vana\/wp-content\/uploads\/2024\/12\/Screenshot-2024-12-30-at-11.42.33.png)\"><\/div><span aria-hidden=\"true\" class=\"wp-block-cover__background has-background-dim-40 has-background-dim\" style=\"background-color:#000000\"><\/span><div class=\"wp-block-cover__inner-container is-layout-flow wp-block-cover-is-layout-flow\">\n<div class=\"wp-block-columns alignwide is-layout-flex wp-container-core-columns-is-layout-28f84493 wp-block-columns-is-layout-flex\">\n<div class=\"wp-block-column is-layout-flow wp-block-column-is-layout-flow\" style=\"flex-basis:60%\"><\/div>\n\n\n\n<div class=\"wp-block-column is-layout-flow wp-block-column-is-layout-flow\"><\/div>\n<\/div>\n<\/div><\/div>\n\n\n\n<p>Hiiumaa Summerhouse<br>www.summerhouse.ee<br>Phone: +372 50 49 623<br>e-mail: hello@summerhouse.ee <\/p>\n\n\n\n<p>Summerhouse O\u00dc<br>Vassu, Orjaku k\u00fcla, Hiiumaa vald, Hiiu maakond 92114<\/p>\n\n\n\n<p>Sehen Sie mehr Informationen dar\u00fcber, wie <a href=\"https:\/\/summerhouse.ee\/ger\/how-to-arrive\/\">Sie dorthin gelangen.<\/a><\/p>\n\n\n\n<figure class=\"wp-block-image size-large is-resized\"><img loading=\"lazy\" decoding=\"async\" width=\"1024\" height=\"1024\" src=\"https:\/\/summerhouse.ee\/vana\/wp-content\/uploads\/2024\/11\/HiiumaaSummerhouse-Logo-KassariAlt-Color-DarkBlue-1024x1024.png\" alt=\"\" class=\"wp-image-44\" style=\"width:293px;height:auto\" srcset=\"https:\/\/summerhouse.ee\/ger\/wp-content\/uploads\/2024\/11\/HiiumaaSummerhouse-Logo-KassariAlt-Color-DarkBlue-1024x1024.png 1024w, https:\/\/summerhouse.ee\/ger\/wp-content\/uploads\/2024\/11\/HiiumaaSummerhouse-Logo-KassariAlt-Color-DarkBlue-300x300.png 300w, https:\/\/summerhouse.ee\/ger\/wp-content\/uploads\/2024\/11\/HiiumaaSummerhouse-Logo-KassariAlt-Color-DarkBlue-150x150.png 150w, https:\/\/summerhouse.ee\/ger\/wp-content\/uploads\/2024\/11\/HiiumaaSummerhouse-Logo-KassariAlt-Color-DarkBlue-768x768.png 768w, https:\/\/summerhouse.ee\/ger\/wp-content\/uploads\/2024\/11\/HiiumaaSummerhouse-Logo-KassariAlt-Color-DarkBlue-1536x1536.png 1536w, https:\/\/summerhouse.ee\/ger\/wp-content\/uploads\/2024\/11\/HiiumaaSummerhouse-Logo-KassariAlt-Color-DarkBlue-2048x2048.png 2048w\" sizes=\"auto, (max-width: 1024px) 100vw, 1024px\" \/><\/figure>\n\n\n\n<p><\/p>\n","protected":false},"excerpt":{"rendered":"<p>Hiiumaa Summerhousewww.summerhouse.eePhone: +372 50 49 623e-mail: hello@summerhouse.ee Summerhouse O\u00dcVassu, Orjaku k\u00fcla, Hiiumaa vald, Hiiu maakond 92114 Sehen Sie mehr Informationen dar\u00fcber, wie Sie dorthin gelangen.<\/p>\n","protected":false},"author":1,"featured_media":0,"parent":0,"menu_order":0,"comment_status":"closed","ping_status":"closed","template":"","meta":{"footnotes":""},"class_list":["post-27","page","type-page","status-publish","hentry"],"_links":{"self":[{"href":"https:\/\/summerhouse.ee\/ger\/wp-json\/wp\/v2\/pages\/27","targetHints":{"allow":["GET"]}}],"collection":[{"href":"https:\/\/summerhouse.ee\/ger\/wp-json\/wp\/v2\/pages"}],"about":[{"href":"https:\/\/summerhouse.ee\/ger\/wp-json\/wp\/v2\/types\/page"}],"author":[{"embeddable":true,"href":"https:\/\/summerhouse.ee\/ger\/wp-json\/wp\/v2\/users\/1"}],"replies":[{"embeddable":true,"href":"https:\/\/summerhouse.ee\/ger\/wp-json\/wp\/v2\/comments?post=27"}],"version-history":[{"count":6,"href":"https:\/\/summerhouse.ee\/ger\/wp-json\/wp\/v2\/pages\/27\/revisions"}],"predecessor-version":[{"id":660,"href":"https:\/\/summerhouse.ee\/ger\/wp-json\/wp\/v2\/pages\/27\/revisions\/660"}],"wp:attachment":[{"href":"https:\/\/summerhouse.ee\/ger\/wp-json\/wp\/v2\/media?parent=27"}],"curies":[{"name":"wp","href":"https:\/\/api.w.org\/{rel}","templated":true}]}}