{"id":29,"date":"2024-11-20T16:23:18","date_gmt":"2024-11-20T16:23:18","guid":{"rendered":"https:\/\/summerhouse.ee\/vana\/?page_id=29"},"modified":"2025-11-27T14:56:09","modified_gmt":"2025-11-27T14:56:09","slug":"about","status":"publish","type":"page","link":"https:\/\/summerhouse.ee\/ger\/about\/","title":{"rendered":"Gastfreundschaft"},"content":{"rendered":"\n<div class=\"wp-block-group is-layout-flow wp-block-group-is-layout-flow\" style=\"margin-top:0;margin-bottom:0\">\n<div class=\"wp-block-cover\" style=\"min-height:450px;aspect-ratio:unset;\"><img loading=\"lazy\" decoding=\"async\" width=\"1024\" height=\"683\" class=\"wp-block-cover__image-background wp-image-274 size-large\" alt=\"\" src=\"https:\/\/summerhouse.ee\/ger\/wp-content\/uploads\/2024\/11\/ML-4467-1024x683.jpg\" data-object-fit=\"cover\" srcset=\"https:\/\/summerhouse.ee\/ger\/wp-content\/uploads\/2024\/11\/ML-4467-1024x683.jpg 1024w, https:\/\/summerhouse.ee\/ger\/wp-content\/uploads\/2024\/11\/ML-4467-300x200.jpg 300w, https:\/\/summerhouse.ee\/ger\/wp-content\/uploads\/2024\/11\/ML-4467-768x512.jpg 768w, https:\/\/summerhouse.ee\/ger\/wp-content\/uploads\/2024\/11\/ML-4467-1536x1024.jpg 1536w, https:\/\/summerhouse.ee\/ger\/wp-content\/uploads\/2024\/11\/ML-4467-2048x1365.jpg 2048w\" sizes=\"auto, (max-width: 1024px) 100vw, 1024px\" \/><span aria-hidden=\"true\" class=\"wp-block-cover__background has-contrast-background-color has-background-dim\"><\/span><div class=\"wp-block-cover__inner-container has-global-padding is-layout-constrained wp-block-cover-is-layout-constrained\"><h2 class=\"has-text-align-center has-link-color wp-elements-6185a3863d3d479784602f2f05360429 wp-block-post-title has-text-color has-base-color\">Gastfreundschaft<\/h2><\/div><\/div>\n<\/div>\n\n\n\n<h2 class=\"wp-block-heading\"><strong>Ein Ort wie zu Hause<\/strong><\/h2>\n\n\n\n<p>Wenn Sie unber\u00fchrte Natur und ruhige Stille suchen, haben Sie den perfekten R\u00fcckzugsort gefunden!<\/p>\n\n\n\n<p>Eingebettet in eine ruhige Umgebung ist das Summerhouse von Wildtieren und unber\u00fchrten Landschaften umgeben und bietet damit einen idealen Zufluchtsort f\u00fcr G\u00e4ste, die Frieden und Ruhe sch\u00e4tzen.<\/p>\n\n\n\n<p>Das Summerhouse und die Sauna wurden urspr\u00fcnglich im Jahr 1999 erbaut und 2021 vollst\u00e4ndig renoviert, wodurch moderner Komfort mit zeitlosem Charme verbunden wurde.<\/p>\n\n\n\n<p>Mit allem Notwendigen ausgestattet, ist die Unterkunft bereit f\u00fcr Ihren Aufenthalt. Packen Sie einfach Ihren Koffer und lassen Sie sich vom Hiiumaa Summerhouse mit seiner herzlichen Atmosph\u00e4re willkommen hei\u00dfen!<\/p>\n\n\n\n<p><\/p>\n\n\n\n<h2 class=\"wp-block-heading\"><strong>Bietet Platz f\u00fcr bis zu 6 Personen<\/strong><\/h2>\n\n\n\n<p>Das Hiiumaa Summerhouse ist gro\u00df genug, um bis zu 6 Personen bequem unterzubringen. Geeignet f\u00fcr eine Familie oder eine kleine Freundesgruppe.<\/p>\n\n\n\n<p>Im ersten Stock gibt es ein Kingsize-Doppelbett. Im zweiten Stock finden Sie ein offenes Schlafzimmer mit einem Doppelbett, einem Einzelbett und der M\u00f6glichkeit, ein zus\u00e4tzliches Bett hinzuzuf\u00fcgen.<\/p>\n\n\n\n<p>Bei Bedarf k\u00f6nnen im Saunaraum zwei zus\u00e4tzliche Betten aufgestellt werden.<\/p>\n\n\n\n<p><\/p>\n\n\n\n<p><\/p>\n\n\n\n<h2 class=\"wp-block-heading has-text-align-center\"><strong>Gastfreundschaft<\/strong><\/h2>\n\n\n\n<p><\/p>\n\n\n\n<div class=\"wp-block-columns is-layout-flex wp-container-core-columns-is-layout-28f84493 wp-block-columns-is-layout-flex\">\n<div class=\"wp-block-column is-layout-flow wp-block-column-is-layout-flow\">\n<p><strong>K\u00fcche <\/strong><\/p>\n\n\n\n<ul class=\"wp-block-list\">\n<li><strong>Esstisch<\/strong><\/li>\n\n\n\n<li><strong>Reinigungsmittel<\/strong><\/li>\n\n\n\n<li><strong>Toaster<\/strong><\/li>\n\n\n\n<li><strong>Backofen<\/strong><\/li>\n\n\n\n<li><strong>K\u00fcchenutensilien<\/strong><\/li>\n\n\n\n<li><strong>Wasserkocher<\/strong><\/li>\n\n\n\n<li><strong>Geschirrsp\u00fcler<\/strong><\/li>\n\n\n\n<li><strong>K\u00fchlschrank<\/strong><\/li>\n<\/ul>\n\n\n\n<p><strong>Badezimmer<\/strong><\/p>\n\n\n\n<ul class=\"wp-block-list\">\n<li><strong>Toilette<\/strong>&nbsp;(WC)<\/li>\n\n\n\n<li><strong>Waschmaschine<\/strong><\/li>\n\n\n\n<li><strong>Handt\u00fccher<\/strong><\/li>\n\n\n\n<li><strong>Dusche<\/strong><\/li>\n\n\n\n<li><strong>Haartrockner<\/strong><\/li>\n\n\n\n<li><strong>Shampoo und Duschgel<\/strong><\/li>\n<\/ul>\n\n\n\n<p><strong>Sicherheit<\/strong><\/p>\n\n\n\n<ul class=\"wp-block-list\">\n<li><strong>Feuerl\u00f6scher<\/strong><\/li>\n\n\n\n<li><strong>Rauchmelder<\/strong><\/li>\n\n\n\n<li><strong>Safe<\/strong><\/li>\n<\/ul>\n<\/div>\n\n\n\n<div class=\"wp-block-column is-layout-flow wp-block-column-is-layout-flow\">\n<p><strong>Wohnbereich<\/strong><\/p>\n\n\n\n<ul class=\"wp-block-list\">\n<li><strong>Essbereich<\/strong><\/li>\n\n\n\n<li><strong>Sofa<\/strong><\/li>\n\n\n\n<li><strong>Kamin<\/strong><\/li>\n<\/ul>\n\n\n\n<p><strong>Medien &amp; Technologie<\/strong><\/p>\n\n\n\n<ul class=\"wp-block-list\">\n<li><strong>Flachbildfernseher<\/strong><\/li>\n\n\n\n<li><strong>Fernseher<\/strong><\/li>\n\n\n\n<li><strong>WLAN<\/strong><\/li>\n<\/ul>\n\n\n\n<p><strong>Zimmerausstattung<\/strong><\/p>\n\n\n\n<ul class=\"wp-block-list\">\n<li><strong>W\u00e4schest\u00e4nder<\/strong><\/li>\n\n\n\n<li><strong>Heizung<\/strong><\/li>\n\n\n\n<li><strong>Klimaanlage<\/strong><\/li>\n\n\n\n<li><strong>Ventilator<\/strong><\/li>\n\n\n\n<li><strong>Staubsauger<\/strong><\/li>\n<\/ul>\n\n\n\n<p><strong>Parking<\/strong><\/p>\n\n\n\n<ul class=\"wp-block-list\">\n<li>Free private parking<\/li>\n<\/ul>\n<\/div>\n\n\n\n<div class=\"wp-block-column is-layout-flow wp-block-column-is-layout-flow\">\n<p><strong>Au\u00dfenbereich<\/strong><\/p>\n\n\n\n<ul class=\"wp-block-list\">\n<li><strong>Picknickbereich<\/strong><\/li>\n\n\n\n<li><strong>Gartenm\u00f6bel<\/strong><\/li>\n\n\n\n<li><strong>Essbereich im Freien<\/strong><\/li>\n\n\n\n<li><strong>Sonnenterrasse<\/strong><\/li>\n\n\n\n<li><strong>Grill<\/strong>&nbsp;v\u00f5i&nbsp;<strong>Grillplatz<\/strong><\/li>\n\n\n\n<li><strong>Patio<\/strong>&nbsp;<\/li>\n\n\n\n<li><strong>Balkon<\/strong><\/li>\n\n\n\n<li><strong>Terrasse<\/strong><\/li>\n\n\n\n<li><strong>Garten<\/strong><\/li>\n<\/ul>\n\n\n\n<p><strong>Wellness und Sauna<\/strong><\/p>\n\n\n\n<ul class=\"wp-block-list\">\n<li><strong>Saunahaus im Garten<\/strong><\/li>\n\n\n\n<li><strong>Handt\u00fccher<\/strong><\/li>\n\n\n\n<li><strong>Shampoo und Duschgel<\/strong><\/li>\n<\/ul>\n\n\n\n<p><strong>Aktivit\u00e4ten<\/strong><\/p>\n\n\n\n<ul class=\"wp-block-list\">\n<li><strong>Wandern<\/strong><\/li>\n\n\n\n<li><strong>Fahrr\u00e4der<\/strong><\/li>\n\n\n\n<li><strong>Lesen (B\u00fccherecke)<\/strong><\/li>\n\n\n\n<li><strong>Grillen<\/strong><\/li>\n\n\n\n<li><strong>Sonnenbaden<\/strong><\/li>\n<\/ul>\n<\/div>\n<\/div>\n\n\n\n<div class=\"wp-block-buttons is-content-justification-center is-layout-flex wp-container-core-buttons-is-layout-a89b3969 wp-block-buttons-is-layout-flex\">\n<div class=\"wp-block-button\"><a class=\"wp-block-button__link wp-element-button\" href=\"https:\/\/summerhouse.ee\/ger\/holiday-options\/\">BUCHEN SIE IHREN AUFENTHALT<\/a><\/div>\n<\/div>\n\n\n\n<div class=\"wp-block-cover alignfull has-parallax\" style=\"min-height:100vh;aspect-ratio:unset;\"><div class=\"wp-block-cover__image-background wp-image-236 has-parallax\" style=\"background-position:50% 50%;background-image:url(https:\/\/summerhouse.ee\/vana\/wp-content\/uploads\/2024\/11\/ML-4210-scaled.jpg)\"><\/div><span aria-hidden=\"true\" class=\"wp-block-cover__background has-background-dim-40 has-background-dim\" style=\"background-color:#000000\"><\/span><div class=\"wp-block-cover__inner-container is-layout-flow wp-block-cover-is-layout-flow\">\n<h2 class=\"wp-block-heading has-text-align-center alignwide has-white-color has-text-color\" style=\"font-size:clamp(27.894px, 1.743rem + ((1vw - 3.2px) * 1.952), 48px);line-height:1.2\">Privater Hof, abseits der Hauptstra\u00dfen, umgeben von Kiefern und Wacholder.<\/h2>\n\n\n\n<div class=\"wp-block-columns alignwide is-layout-flex wp-container-core-columns-is-layout-28f84493 wp-block-columns-is-layout-flex\">\n<div class=\"wp-block-column is-layout-flow wp-block-column-is-layout-flow\" style=\"flex-basis:60%\">\n<div class=\"wp-block-buttons is-layout-flex wp-block-buttons-is-layout-flex\"><\/div>\n<\/div>\n\n\n\n<div class=\"wp-block-column is-layout-flow wp-block-column-is-layout-flow\"><\/div>\n<\/div>\n<\/div><\/div>\n","protected":false},"excerpt":{"rendered":"<p>Ein Ort wie zu Hause Wenn Sie unber\u00fchrte Natur und ruhige Stille suchen, haben Sie den perfekten R\u00fcckzugsort gefunden! Eingebettet in eine ruhige Umgebung ist das Summerhouse von Wildtieren und unber\u00fchrten Landschaften umgeben und bietet damit einen idealen Zufluchtsort f\u00fcr G\u00e4ste, die Frieden und Ruhe sch\u00e4tzen. Das Summerhouse und die Sauna wurden urspr\u00fcnglich im Jahr [&hellip;]<\/p>\n","protected":false},"author":1,"featured_media":0,"parent":0,"menu_order":0,"comment_status":"closed","ping_status":"closed","template":"","meta":{"footnotes":""},"class_list":["post-29","page","type-page","status-publish","hentry"],"_links":{"self":[{"href":"https:\/\/summerhouse.ee\/ger\/wp-json\/wp\/v2\/pages\/29","targetHints":{"allow":["GET"]}}],"collection":[{"href":"https:\/\/summerhouse.ee\/ger\/wp-json\/wp\/v2\/pages"}],"about":[{"href":"https:\/\/summerhouse.ee\/ger\/wp-json\/wp\/v2\/types\/page"}],"author":[{"embeddable":true,"href":"https:\/\/summerhouse.ee\/ger\/wp-json\/wp\/v2\/users\/1"}],"replies":[{"embeddable":true,"href":"https:\/\/summerhouse.ee\/ger\/wp-json\/wp\/v2\/comments?post=29"}],"version-history":[{"count":12,"href":"https:\/\/summerhouse.ee\/ger\/wp-json\/wp\/v2\/pages\/29\/revisions"}],"predecessor-version":[{"id":673,"href":"https:\/\/summerhouse.ee\/ger\/wp-json\/wp\/v2\/pages\/29\/revisions\/673"}],"wp:attachment":[{"href":"https:\/\/summerhouse.ee\/ger\/wp-json\/wp\/v2\/media?parent=29"}],"curies":[{"name":"wp","href":"https:\/\/api.w.org\/{rel}","templated":true}]}}