{"id":456,"date":"2024-12-30T08:20:23","date_gmt":"2024-12-30T08:20:23","guid":{"rendered":"https:\/\/summerhouse.ee\/vana\/?page_id=456"},"modified":"2025-11-28T17:30:14","modified_gmt":"2025-11-28T17:30:14","slug":"how-to-arrive","status":"publish","type":"page","link":"https:\/\/summerhouse.ee\/ger\/how-to-arrive\/","title":{"rendered":"Anreise"},"content":{"rendered":"\n<div class=\"wp-block-cover alignfull has-parallax\" style=\"min-height:426px;aspect-ratio:unset;\"><div class=\"wp-block-cover__image-background wp-image-176 size-large has-parallax\" style=\"background-position:50% 50%;background-image:url(https:\/\/summerhouse.ee\/ger\/wp-content\/uploads\/2024\/11\/MarkoLohmus-16-1024x575.jpg)\"><\/div><span aria-hidden=\"true\" class=\"wp-block-cover__background has-background-dim-40 has-background-dim\" style=\"background-color:#000000\"><\/span><div class=\"wp-block-cover__inner-container is-layout-flow wp-block-cover-is-layout-flow\">\n<p class=\"has-text-align-center has-large-font-size\"><\/p>\n\n\n\n<p class=\"has-text-align-center\"><\/p>\n<\/div><\/div>\n\n\n\n<p><\/p>\n\n\n\n<main class=\"wp-block-group has-global-padding is-layout-constrained wp-container-core-group-is-layout-23246a07 wp-block-group-is-layout-constrained\" style=\"margin-top:0;margin-bottom:0;padding-top:40px;padding-right:24px;padding-bottom:40px;padding-left:24px\">\n<div class=\"wp-block-columns are-vertically-aligned-center is-layout-flex wp-container-core-columns-is-layout-28f84493 wp-block-columns-is-layout-flex\">\n<div class=\"wp-block-column is-vertically-aligned-center is-layout-flow wp-block-column-is-layout-flow\">\n<div class=\"wp-block-cover is-light\" style=\"border-radius:12px;min-height:302px;aspect-ratio:unset;\"><img loading=\"lazy\" decoding=\"async\" width=\"1688\" height=\"746\" class=\"wp-block-cover__image-background wp-image-461\" alt=\"\" src=\"https:\/\/summerhouse.ee\/vana\/wp-content\/uploads\/2024\/12\/Screenshot-2024-12-30-at-10.43.25.png\" data-object-fit=\"cover\" srcset=\"https:\/\/summerhouse.ee\/ger\/wp-content\/uploads\/2024\/12\/Screenshot-2024-12-30-at-10.43.25.png 1688w, https:\/\/summerhouse.ee\/ger\/wp-content\/uploads\/2024\/12\/Screenshot-2024-12-30-at-10.43.25-300x133.png 300w, https:\/\/summerhouse.ee\/ger\/wp-content\/uploads\/2024\/12\/Screenshot-2024-12-30-at-10.43.25-1024x453.png 1024w, https:\/\/summerhouse.ee\/ger\/wp-content\/uploads\/2024\/12\/Screenshot-2024-12-30-at-10.43.25-768x339.png 768w, https:\/\/summerhouse.ee\/ger\/wp-content\/uploads\/2024\/12\/Screenshot-2024-12-30-at-10.43.25-1536x679.png 1536w\" sizes=\"auto, (max-width: 1688px) 100vw, 1688px\" \/><span aria-hidden=\"true\" class=\"wp-block-cover__background has-background-dim-0 has-background-dim\" style=\"background-color:#5d5141\"><\/span><div class=\"wp-block-cover__inner-container has-global-padding is-layout-constrained wp-block-cover-is-layout-constrained\">\n<p><\/p>\n<\/div><\/div>\n<\/div>\n\n\n\n<div class=\"wp-block-column is-vertically-aligned-center is-layout-flow wp-container-core-column-is-layout-b2a27621 wp-block-column-is-layout-flow\" style=\"padding-top:0;padding-right:0;padding-bottom:0;padding-left:0\">\n<div class=\"wp-block-group has-global-padding is-layout-constrained wp-container-core-group-is-layout-c8ee93ac wp-block-group-is-layout-constrained\" style=\"padding-right:var(--wp--preset--spacing--70);padding-left:var(--wp--preset--spacing--70)\">\n<p style=\"margin-top:var(--wp--preset--spacing--50);margin-right:0;margin-bottom:var(--wp--preset--spacing--60);margin-left:0;padding-top:0;padding-right:0;padding-bottom:0;padding-left:0;line-height:1.7\"><strong>Zweitgr\u00f6\u00dfte Insel Estlands<\/strong><\/p>\n\n\n\n<p style=\"margin-top:var(--wp--preset--spacing--50);margin-right:0;margin-bottom:var(--wp--preset--spacing--60);margin-left:0;padding-top:0;padding-right:0;padding-bottom:0;padding-left:0;line-height:1.7\">Hiiumaa liegt in der Ostsee und befindet sich \u2013 Luftlinie \u2013 etwa 200 km von der schwedischen Grenze und 100 km von der finnischen Grenze entfernt.<\/p>\n\n\n\n<p style=\"margin-top:var(--wp--preset--spacing--50);margin-right:0;margin-bottom:var(--wp--preset--spacing--60);margin-left:0;padding-top:0;padding-right:0;padding-bottom:0;padding-left:0;line-height:1.7\">Von allen Seiten vom Meer umgeben, ist die Insel problemlos mit dem privaten Boot oder einer Yacht, per Flugzeug oder mit dem Auto (\u00fcber die F\u00e4hre) erreichbar.<\/p>\n\n\n\n<div class=\"wp-block-buttons is-layout-flex wp-block-buttons-is-layout-flex\" style=\"margin-top:0;margin-bottom:0\"><\/div>\n<\/div>\n<\/div>\n<\/div>\n\n\n\n<main class=\"wp-block-group has-global-padding is-layout-constrained wp-container-core-group-is-layout-23246a07 wp-block-group-is-layout-constrained\" style=\"margin-top:0;margin-bottom:0;padding-top:40px;padding-right:24px;padding-bottom:40px;padding-left:24px\">\n<div class=\"wp-block-columns are-vertically-aligned-center is-layout-flex wp-container-core-columns-is-layout-28f84493 wp-block-columns-is-layout-flex\">\n<div class=\"wp-block-column is-vertically-aligned-center is-layout-flow wp-block-column-is-layout-flow\">\n<div class=\"wp-block-cover is-light\" style=\"border-radius:12px;min-height:320px;aspect-ratio:unset;\"><img loading=\"lazy\" decoding=\"async\" width=\"2560\" height=\"1707\" class=\"wp-block-cover__image-background wp-image-291\" alt=\"\" src=\"https:\/\/summerhouse.ee\/vana\/wp-content\/uploads\/2024\/11\/ML-4967-scaled.jpg\" data-object-fit=\"cover\" srcset=\"https:\/\/summerhouse.ee\/ger\/wp-content\/uploads\/2024\/11\/ML-4967-scaled.jpg 2560w, https:\/\/summerhouse.ee\/ger\/wp-content\/uploads\/2024\/11\/ML-4967-300x200.jpg 300w, https:\/\/summerhouse.ee\/ger\/wp-content\/uploads\/2024\/11\/ML-4967-1024x683.jpg 1024w, https:\/\/summerhouse.ee\/ger\/wp-content\/uploads\/2024\/11\/ML-4967-768x512.jpg 768w, https:\/\/summerhouse.ee\/ger\/wp-content\/uploads\/2024\/11\/ML-4967-1536x1024.jpg 1536w, https:\/\/summerhouse.ee\/ger\/wp-content\/uploads\/2024\/11\/ML-4967-2048x1365.jpg 2048w\" sizes=\"auto, (max-width: 2560px) 100vw, 2560px\" \/><span aria-hidden=\"true\" class=\"wp-block-cover__background has-background-dim-0 has-background-dim\" style=\"background-color:#5d5141\"><\/span><div class=\"wp-block-cover__inner-container has-global-padding is-layout-constrained wp-block-cover-is-layout-constrained\">\n<p class=\"has-text-align-center has-large-font-size\"><\/p>\n<\/div><\/div>\n<\/div>\n\n\n\n<div class=\"wp-block-column is-vertically-aligned-center is-layout-flow wp-container-core-column-is-layout-b2a27621 wp-block-column-is-layout-flow\" style=\"padding-top:0;padding-right:0;padding-bottom:0;padding-left:0\">\n<div class=\"wp-block-group has-global-padding is-layout-constrained wp-container-core-group-is-layout-c8ee93ac wp-block-group-is-layout-constrained\" style=\"padding-right:var(--wp--preset--spacing--70);padding-left:var(--wp--preset--spacing--70)\">\n<p style=\"margin-top:var(--wp--preset--spacing--50);margin-right:0;margin-bottom:var(--wp--preset--spacing--60);margin-left:0;padding-top:0;padding-right:0;padding-bottom:0;padding-left:0;line-height:1.7\"><strong>Mit Privatboot, Motorboot oder Yacht<\/strong><\/p>\n\n\n\n<p style=\"margin-top:var(--wp--preset--spacing--50);margin-right:0;margin-bottom:var(--wp--preset--spacing--60);margin-left:0;padding-top:0;padding-right:0;padding-bottom:0;padding-left:0;line-height:1.7\">Das Hiiumaa Summerhouse liegt nur 15 Gehminuten vom Hafen Orjaku entfernt \u2013 einem der charmantesten H\u00e4fen der Welt. Die Navigationssaison im Hafen Orjaku dauert von Mai bis September, und der Hafen kann sowohl gr\u00f6\u00dfere Motorboote als auch Yachten aufnehmen. Weitere Informationen finden Sie hier:&nbsp;<a href=\"https:\/\/orjaku.ee\/sadam\/en\/\">https:\/\/orjaku.ee\/sadam\/en\/<\/a><\/p>\n\n\n\n<p>Der Hafen verf\u00fcgt au\u00dferdem \u00fcber ein Restaurant und bietet w\u00e4hrend der Saison eine Vielzahl kultureller Veranstaltungen, M\u00e4rkte und Konzerte.<\/p>\n\n\n\n<p style=\"margin-top:var(--wp--preset--spacing--50);margin-right:0;margin-bottom:var(--wp--preset--spacing--60);margin-left:0;padding-top:0;padding-right:0;padding-bottom:0;padding-left:0;line-height:1.7\"><\/p>\n\n\n\n<div class=\"wp-block-buttons is-layout-flex wp-block-buttons-is-layout-flex\" style=\"margin-top:0;margin-bottom:0\"><\/div>\n<\/div>\n<\/div>\n<\/div>\n<\/main>\n\n\n\n<main class=\"wp-block-group has-global-padding is-layout-constrained wp-container-core-group-is-layout-23246a07 wp-block-group-is-layout-constrained\" style=\"margin-top:0;margin-bottom:0;padding-top:40px;padding-right:24px;padding-bottom:40px;padding-left:24px\">\n<div class=\"wp-block-columns are-vertically-aligned-center is-layout-flex wp-container-core-columns-is-layout-28f84493 wp-block-columns-is-layout-flex\">\n<div class=\"wp-block-column is-vertically-aligned-center is-layout-flow wp-block-column-is-layout-flow\">\n<div class=\"wp-block-cover is-light\" style=\"border-radius:12px;min-height:310px;aspect-ratio:unset;\"><img loading=\"lazy\" decoding=\"async\" width=\"2560\" height=\"1707\" class=\"wp-block-cover__image-background wp-image-287\" alt=\"\" src=\"https:\/\/summerhouse.ee\/vana\/wp-content\/uploads\/2024\/11\/ML-1102-scaled.jpg\" data-object-fit=\"cover\" srcset=\"https:\/\/summerhouse.ee\/ger\/wp-content\/uploads\/2024\/11\/ML-1102-scaled.jpg 2560w, https:\/\/summerhouse.ee\/ger\/wp-content\/uploads\/2024\/11\/ML-1102-300x200.jpg 300w, https:\/\/summerhouse.ee\/ger\/wp-content\/uploads\/2024\/11\/ML-1102-1024x683.jpg 1024w, https:\/\/summerhouse.ee\/ger\/wp-content\/uploads\/2024\/11\/ML-1102-768x512.jpg 768w, https:\/\/summerhouse.ee\/ger\/wp-content\/uploads\/2024\/11\/ML-1102-1536x1024.jpg 1536w, https:\/\/summerhouse.ee\/ger\/wp-content\/uploads\/2024\/11\/ML-1102-2048x1365.jpg 2048w\" sizes=\"auto, (max-width: 2560px) 100vw, 2560px\" \/><span aria-hidden=\"true\" class=\"wp-block-cover__background has-background-dim-0 has-background-dim\" style=\"background-color:#5d5141\"><\/span><div class=\"wp-block-cover__inner-container has-global-padding is-layout-constrained wp-block-cover-is-layout-constrained\">\n<p class=\"has-text-align-center has-large-font-size\"><\/p>\n<\/div><\/div>\n<\/div>\n\n\n\n<div class=\"wp-block-column is-vertically-aligned-center is-layout-flow wp-container-core-column-is-layout-b2a27621 wp-block-column-is-layout-flow\" style=\"padding-top:0;padding-right:0;padding-bottom:0;padding-left:0\">\n<div class=\"wp-block-group has-global-padding is-layout-constrained wp-container-core-group-is-layout-c8ee93ac wp-block-group-is-layout-constrained\" style=\"padding-right:var(--wp--preset--spacing--70);padding-left:var(--wp--preset--spacing--70)\">\n<p style=\"margin-top:var(--wp--preset--spacing--50);margin-right:0;margin-bottom:var(--wp--preset--spacing--60);margin-left:0;padding-top:0;padding-right:0;padding-bottom:0;padding-left:0;line-height:1.7\"><strong>Mit dem Flugzeug<\/strong><\/p>\n\n\n\n<p style=\"margin-top:var(--wp--preset--spacing--50);margin-right:0;margin-bottom:var(--wp--preset--spacing--60);margin-left:0;padding-top:0;padding-right:0;padding-bottom:0;padding-left:0;line-height:1.7\">Der Flughafen Hiiumaa befindet sich in K\u00e4rdla und bietet w\u00f6chentlich 12 Fl\u00fcge von Tallinn an. Der Flug dauert etwa 30 Minuten, und die Tickets kosten rund 40 \u20ac pro Person.<\/p>\n\n\n\n<p>F\u00fcr weitere Informationen besuchen Sie:&nbsp;<a href=\"https:\/\/flynyx.com\/\">https:\/\/flynyx.com<\/a>.<\/p>\n\n\n\n<p style=\"margin-top:var(--wp--preset--spacing--50);margin-right:0;margin-bottom:var(--wp--preset--spacing--60);margin-left:0;padding-top:0;padding-right:0;padding-bottom:0;padding-left:0;line-height:1.7\">Vom Flughafen K\u00e4rdla sind es etwa 30 Minuten Fahrt bis zum Hiiumaa Summerhouse. Bitte informieren Sie uns im Voraus, falls Sie einen Transport vom Flughafen zum Summerhouse ben\u00f6tigen.<\/p>\n\n\n\n<div class=\"wp-block-buttons is-layout-flex wp-block-buttons-is-layout-flex\" style=\"margin-top:0;margin-bottom:0\"><\/div>\n<\/div>\n<\/div>\n<\/div>\n<\/main>\n\n\n\n<main class=\"wp-block-group has-global-padding is-layout-constrained wp-container-core-group-is-layout-23246a07 wp-block-group-is-layout-constrained\" style=\"margin-top:0;margin-bottom:0;padding-top:40px;padding-right:24px;padding-bottom:40px;padding-left:24px\">\n<div class=\"wp-block-columns are-vertically-aligned-center is-layout-flex wp-container-core-columns-is-layout-28f84493 wp-block-columns-is-layout-flex\">\n<div class=\"wp-block-column is-vertically-aligned-center is-layout-flow wp-block-column-is-layout-flow\">\n<div class=\"wp-block-cover is-light\" style=\"border-radius:12px;min-height:328px;aspect-ratio:unset;\"><img loading=\"lazy\" decoding=\"async\" width=\"2048\" height=\"1151\" class=\"wp-block-cover__image-background wp-image-465\" alt=\"\" src=\"https:\/\/summerhouse.ee\/vana\/wp-content\/uploads\/2024\/12\/praam.jpg\" data-object-fit=\"cover\" srcset=\"https:\/\/summerhouse.ee\/ger\/wp-content\/uploads\/2024\/12\/praam.jpg 2048w, https:\/\/summerhouse.ee\/ger\/wp-content\/uploads\/2024\/12\/praam-300x169.jpg 300w, https:\/\/summerhouse.ee\/ger\/wp-content\/uploads\/2024\/12\/praam-1024x576.jpg 1024w, https:\/\/summerhouse.ee\/ger\/wp-content\/uploads\/2024\/12\/praam-768x432.jpg 768w, https:\/\/summerhouse.ee\/ger\/wp-content\/uploads\/2024\/12\/praam-1536x863.jpg 1536w\" sizes=\"auto, (max-width: 2048px) 100vw, 2048px\" \/><span aria-hidden=\"true\" class=\"wp-block-cover__background has-background-dim-0 has-background-dim\" style=\"background-color:#5d5141\"><\/span><div class=\"wp-block-cover__inner-container has-global-padding is-layout-constrained wp-block-cover-is-layout-constrained\">\n<p class=\"has-text-align-center has-large-font-size\"><\/p>\n<\/div><\/div>\n<\/div>\n\n\n\n<div class=\"wp-block-column is-vertically-aligned-center is-layout-flow wp-container-core-column-is-layout-b2a27621 wp-block-column-is-layout-flow\" style=\"padding-top:0;padding-right:0;padding-bottom:0;padding-left:0\">\n<div class=\"wp-block-group has-global-padding is-layout-constrained wp-container-core-group-is-layout-c8ee93ac wp-block-group-is-layout-constrained\" style=\"padding-right:var(--wp--preset--spacing--70);padding-left:var(--wp--preset--spacing--70)\">\n<p style=\"margin-top:var(--wp--preset--spacing--50);margin-right:0;margin-bottom:var(--wp--preset--spacing--60);margin-left:0;padding-top:0;padding-right:0;padding-bottom:0;padding-left:0;line-height:1.7\"><strong>Mit dem Auto und der F\u00e4hre<\/strong><\/p>\n\n\n\n<p style=\"margin-top:var(--wp--preset--spacing--50);margin-right:0;margin-bottom:var(--wp--preset--spacing--60);margin-left:0;padding-top:0;padding-right:0;padding-bottom:0;padding-left:0;line-height:1.7\">Die beliebteste Art, nach Hiiumaa zu reisen, ist mit dem Auto. Fahren Sie nach Haapsalu und weiter zum Hafen Rohuk\u00fcla, wo Sie eine F\u00e4hre zum Hafen Heltermaa nehmen k\u00f6nnen. Die \u00dcberfahrt bietet beeindruckende Ausblicke und dauert etwa 1,5 Stunden.<\/p>\n\n\n\n<p>Von Heltermaa aus sind es etwa 20 Minuten Fahrt bis zum Hiiumaa Summerhouse.<\/p>\n\n\n\n<p style=\"margin-top:var(--wp--preset--spacing--50);margin-right:0;margin-bottom:var(--wp--preset--spacing--60);margin-left:0;padding-top:0;padding-right:0;padding-bottom:0;padding-left:0;line-height:1.7\">Die F\u00e4hrfahrpl\u00e4ne k\u00f6nnen Sie hier einsehen und Tickets buchen:&nbsp;<a href=\"https:\/\/www.praamid.ee\/en\/homepage\/\">https:\/\/www.praamid.ee\/en\/homepage\/<\/a>.<\/p>\n\n\n\n<div class=\"wp-block-buttons is-layout-flex wp-block-buttons-is-layout-flex\" style=\"margin-top:0;margin-bottom:0\"><\/div>\n<\/div>\n<\/div>\n<\/div>\n<\/main>\n\n\n\n<main class=\"wp-block-group has-global-padding is-layout-constrained wp-container-core-group-is-layout-23246a07 wp-block-group-is-layout-constrained\" style=\"margin-top:0;margin-bottom:0;padding-top:40px;padding-right:24px;padding-bottom:40px;padding-left:24px\">\n<div class=\"wp-block-columns are-vertically-aligned-center is-layout-flex wp-container-core-columns-is-layout-28f84493 wp-block-columns-is-layout-flex\">\n<div class=\"wp-block-column is-vertically-aligned-center is-layout-flow wp-block-column-is-layout-flow\">\n<div class=\"wp-block-cover is-light\" style=\"border-radius:12px;min-height:334px;aspect-ratio:unset;\"><img loading=\"lazy\" decoding=\"async\" width=\"1752\" height=\"1172\" class=\"wp-block-cover__image-background wp-image-482\" alt=\"\" src=\"https:\/\/summerhouse.ee\/vana\/wp-content\/uploads\/2024\/12\/Screenshot-2024-12-30-at-20.15.21.png\" data-object-fit=\"cover\" srcset=\"https:\/\/summerhouse.ee\/ger\/wp-content\/uploads\/2024\/12\/Screenshot-2024-12-30-at-20.15.21.png 1752w, https:\/\/summerhouse.ee\/ger\/wp-content\/uploads\/2024\/12\/Screenshot-2024-12-30-at-20.15.21-300x201.png 300w, https:\/\/summerhouse.ee\/ger\/wp-content\/uploads\/2024\/12\/Screenshot-2024-12-30-at-20.15.21-1024x685.png 1024w, https:\/\/summerhouse.ee\/ger\/wp-content\/uploads\/2024\/12\/Screenshot-2024-12-30-at-20.15.21-768x514.png 768w, https:\/\/summerhouse.ee\/ger\/wp-content\/uploads\/2024\/12\/Screenshot-2024-12-30-at-20.15.21-1536x1028.png 1536w\" sizes=\"auto, (max-width: 1752px) 100vw, 1752px\" \/><span aria-hidden=\"true\" class=\"wp-block-cover__background has-background-dim-0 has-background-dim\" style=\"background-color:#5d5141\"><\/span><div class=\"wp-block-cover__inner-container has-global-padding is-layout-constrained wp-block-cover-is-layout-constrained\">\n<p class=\"has-text-align-center has-large-font-size\"><\/p>\n<\/div><\/div>\n<\/div>\n\n\n\n<div class=\"wp-block-column is-vertically-aligned-center is-layout-flow wp-container-core-column-is-layout-b2a27621 wp-block-column-is-layout-flow\" style=\"padding-top:0;padding-right:0;padding-bottom:0;padding-left:0\">\n<div class=\"wp-block-group has-global-padding is-layout-constrained wp-container-core-group-is-layout-c8ee93ac wp-block-group-is-layout-constrained\" style=\"padding-right:var(--wp--preset--spacing--70);padding-left:var(--wp--preset--spacing--70)\">\n<p style=\"margin-top:var(--wp--preset--spacing--50);margin-right:0;margin-bottom:var(--wp--preset--spacing--60);margin-left:0;padding-top:0;padding-right:0;padding-bottom:0;padding-left:0;line-height:1.7\"><strong>Hiiumaa Summerhouse auf&nbsp; <a href=\"https:\/\/www.google.com\/maps\/place\/Hiiumaa+Summerhouse\/@58.7818538,22.7435841,13z\/data=!4m6!3m5!1s0x46f2932e38f93ae1:0x61c99c065532da91!8m2!3d58.781851!4d22.7847828!16s%2Fg%2F11rc2lt25z?entry=ttu&amp;g_ep=EgoyMDI0MTIxMS4wIKXMDSoASAFQAw%3D%3D\">Google Maps<\/a><\/strong><\/p>\n\n\n\n<p>Wenn Sie zum Hiiumaa Summerhouse fahren, geben Sie einfach \u201eHiiumaa Summerhouse\u201c in Google Maps oder Waze ein, und Ihr Navigationsger\u00e4t wird Sie direkt dorthin f\u00fchren.<\/p>\n\n\n\n<div class=\"wp-block-buttons is-layout-flex wp-block-buttons-is-layout-flex\" style=\"margin-top:0;margin-bottom:0\"><\/div>\n<\/div>\n<\/div>\n<\/div>\n<\/main>\n<\/main>\n","protected":false},"excerpt":{"rendered":"<p>Zweitgr\u00f6\u00dfte Insel Estlands Hiiumaa liegt in der Ostsee und befindet sich \u2013 Luftlinie \u2013 etwa 200 km von der schwedischen Grenze und 100 km von der finnischen Grenze entfernt. Von allen Seiten vom Meer umgeben, ist die Insel problemlos mit dem privaten Boot oder einer Yacht, per Flugzeug oder mit dem Auto (\u00fcber die F\u00e4hre) [&hellip;]<\/p>\n","protected":false},"author":1,"featured_media":0,"parent":0,"menu_order":0,"comment_status":"closed","ping_status":"closed","template":"","meta":{"footnotes":""},"class_list":["post-456","page","type-page","status-publish","hentry"],"_links":{"self":[{"href":"https:\/\/summerhouse.ee\/ger\/wp-json\/wp\/v2\/pages\/456","targetHints":{"allow":["GET"]}}],"collection":[{"href":"https:\/\/summerhouse.ee\/ger\/wp-json\/wp\/v2\/pages"}],"about":[{"href":"https:\/\/summerhouse.ee\/ger\/wp-json\/wp\/v2\/types\/page"}],"author":[{"embeddable":true,"href":"https:\/\/summerhouse.ee\/ger\/wp-json\/wp\/v2\/users\/1"}],"replies":[{"embeddable":true,"href":"https:\/\/summerhouse.ee\/ger\/wp-json\/wp\/v2\/comments?post=456"}],"version-history":[{"count":10,"href":"https:\/\/summerhouse.ee\/ger\/wp-json\/wp\/v2\/pages\/456\/revisions"}],"predecessor-version":[{"id":651,"href":"https:\/\/summerhouse.ee\/ger\/wp-json\/wp\/v2\/pages\/456\/revisions\/651"}],"wp:attachment":[{"href":"https:\/\/summerhouse.ee\/ger\/wp-json\/wp\/v2\/media?parent=456"}],"curies":[{"name":"wp","href":"https:\/\/api.w.org\/{rel}","templated":true}]}}