{"id":556,"date":"2025-10-10T11:44:53","date_gmt":"2025-10-10T11:44:53","guid":{"rendered":"https:\/\/summerhouse.ee\/vana\/?page_id=556"},"modified":"2025-10-10T11:44:53","modified_gmt":"2025-10-10T11:44:53","slug":"puhkuse-voimalused","status":"publish","type":"page","link":"https:\/\/summerhouse.ee\/ger\/et\/puhkuse-voimalused\/","title":{"rendered":"Puhkuse v\u00f5imalused"},"content":{"rendered":"\n<div class=\"wp-block-cover alignfull is-light\" style=\"min-height:414px;aspect-ratio:unset;\"><video class=\"wp-block-cover__video-background intrinsic-ignore\" autoplay muted loop playsinline src=\"https:\/\/summerhouse.ee\/vana\/wp-content\/uploads\/2024\/11\/Summerhouse-taustaklipp-opt.mp4\" data-object-fit=\"cover\"><\/video><span aria-hidden=\"true\" class=\"wp-block-cover__background has-background-dim-40 has-background-dim\" style=\"background-color:#000000\"><\/span><div class=\"wp-block-cover__inner-container is-layout-flow wp-block-cover-is-layout-flow\">\n<p><\/p>\n<\/div><\/div>\n\n\n\n<div class=\"wp-block-columns alignwide is-layout-flex wp-container-core-columns-is-layout-d2da2050 wp-block-columns-is-layout-flex\" style=\"margin-bottom:0\">\n<div class=\"wp-block-column has-text-color has-background has-link-color wp-elements-6a8bd16d7afc294cc500d4ac4f8ea013 is-layout-flow wp-block-column-is-layout-flow\" style=\"color:#000000;background-color:#ffe97d;padding-top:2em;padding-right:2em;padding-bottom:2em;padding-left:2em\">\n<h2 class=\"wp-block-heading\" id=\"single\" style=\"font-size:clamp(24.034px, 1.502rem + ((1vw - 3.2px) * 1.55), 40px);\"><strong>M\u00f5nep\u00e4evane l\u00f5\u00f5gastus<\/strong><\/h2>\n\n\n\n<p class=\"has-normal-font-size\" style=\"line-height:1.5\"><strong>Majutus v\u00e4hemalt 2 \u00f6\u00f6d <\/strong><\/p>\n\n\n\n<hr class=\"wp-block-separator has-text-color has-css-opacity has-background is-style-wide\" style=\"background-color:#000000;color:#000000\"\/>\n\n\n\n<p>Naudi n\u00e4dalavahetust oma l\u00e4hedaste s\u00f5prade v\u00f5i pere seltsis. Tee m\u00f5nus grill, l\u00f5\u00f5gastu saunas v\u00f5i mine v\u00e4rskendavale jalutusk\u00e4igule Kassari matkaradadel.<br><br><em>(Hooajav\u00e4lisel ajal v\u00f5ivad hinnad olla soodsamad)<\/em><br><\/p>\n\n\n\n<div class=\"wp-block-buttons alignfull is-horizontal is-content-justification-center is-layout-flex wp-container-core-buttons-is-layout-03627597 wp-block-buttons-is-layout-flex\">\n<div class=\"wp-block-button has-custom-width wp-block-button__width-100\"><a class=\"wp-block-button__link has-white-color has-text-color has-background no-border-radius wp-element-button\" style=\"background-color:#000000\">300-350  EUR per night<\/a><\/div>\n<\/div>\n<\/div>\n\n\n\n<div class=\"wp-block-column has-text-color has-background has-link-color wp-elements-ab620487ec926723fea658472697e67c is-layout-flow wp-block-column-is-layout-flow\" style=\"color:#000000;background-color:#d1d1e1;padding-top:2em;padding-right:2em;padding-bottom:2em;padding-left:2em\">\n<h2 class=\"wp-block-heading\" id=\"family\" style=\"font-size:clamp(24.034px, 1.502rem + ((1vw - 3.2px) * 1.55), 40px);\"><strong>Pikem v\u00e4ljal\u00fclitus<\/strong><\/h2>\n\n\n\n<p><\/p>\n\n\n\n<p class=\"has-normal-font-size\" style=\"line-height:1.5\"><strong>Majutus v\u00e4hemalt 5 \u00f6\u00f6d <\/strong><\/p>\n\n\n\n<hr class=\"wp-block-separator has-css-opacity is-style-wide\"\/>\n\n\n\n<p>Pikenda oma n\u00e4dalavahetust v\u00f5i p\u00f5gene linnak\u00e4rast terveks n\u00e4dalaks. Naudi soodsamaid hindu pikema peatumise korral.    <br><br><br><em>(Hooajav\u00e4lisel ajal v\u00f5ivad hinnad olla soodsamad)<\/em><br><\/p>\n\n\n\n<div class=\"wp-block-buttons alignfull is-horizontal is-content-justification-center is-layout-flex wp-container-core-buttons-is-layout-03627597 wp-block-buttons-is-layout-flex\">\n<div class=\"wp-block-button has-custom-width wp-block-button__width-100 is-style-fill\"><a class=\"wp-block-button__link has-white-color has-text-color has-background no-border-radius wp-element-button\" style=\"background-color:#000000\">270 EUR per night <\/a><\/div>\n<\/div>\n<\/div>\n\n\n\n<div class=\"wp-block-column has-text-color has-background has-link-color wp-elements-9c1ee241d48b175e60694cb846e91bf6 is-layout-flow wp-block-column-is-layout-flow\" style=\"color:#000000;background-color:#c0ebf1;padding-top:2em;padding-right:2em;padding-bottom:2em;padding-left:2em\">\n<h2 class=\"wp-block-heading\" id=\"patron\" style=\"font-size:clamp(24.034px, 1.502rem + ((1vw - 3.2px) * 1.55), 40px);\"><strong>Ela nagu hiidlane<\/strong><\/h2>\n\n\n\n<p><\/p>\n\n\n\n<p class=\"has-normal-font-size\"><strong>Majutus v\u00e4hemalt 10 \u00f6\u00f6d<\/strong><\/p>\n\n\n\n<hr class=\"wp-block-separator has-css-opacity is-style-wide\"\/>\n\n\n\n<p>Hiiumaal ja selle kultuuril on palju pakkuda \u2013 igal aastaajal. Pole vahet, kas on suvi, s\u00fcgis, talv v\u00f5i kevad \u2013 seiklusi jagub alati. Lase saarel end \u00fcllatada ja naudi kohalikele omaseid soodustusi.<\/p>\n\n\n\n<p><em>(<em>Hooajav\u00e4lisel ajal v\u00f5ivad hinnad olla soodsamad<\/em>)<\/em><\/p>\n\n\n\n<div class=\"wp-block-buttons alignfull is-horizontal is-content-justification-center is-layout-flex wp-container-core-buttons-is-layout-03627597 wp-block-buttons-is-layout-flex\">\n<div class=\"wp-block-button has-custom-width wp-block-button__width-100\"><a class=\"wp-block-button__link has-white-color has-text-color has-background no-border-radius wp-element-button\" style=\"background-color:#000000\">250 EUR per night<\/a><\/div>\n<\/div>\n<\/div>\n<\/div>\n","protected":false},"excerpt":{"rendered":"<p>M\u00f5nep\u00e4evane l\u00f5\u00f5gastus Majutus v\u00e4hemalt 2 \u00f6\u00f6d Naudi n\u00e4dalavahetust oma l\u00e4hedaste s\u00f5prade v\u00f5i pere seltsis. Tee m\u00f5nus grill, l\u00f5\u00f5gastu saunas v\u00f5i mine v\u00e4rskendavale jalutusk\u00e4igule Kassari matkaradadel. (Hooajav\u00e4lisel ajal v\u00f5ivad hinnad olla soodsamad) Pikem v\u00e4ljal\u00fclitus Majutus v\u00e4hemalt 5 \u00f6\u00f6d Pikenda oma n\u00e4dalavahetust v\u00f5i p\u00f5gene linnak\u00e4rast terveks n\u00e4dalaks. Naudi soodsamaid hindu pikema peatumise korral. (Hooajav\u00e4lisel ajal v\u00f5ivad hinnad [&hellip;]<\/p>\n","protected":false},"author":1,"featured_media":0,"parent":0,"menu_order":0,"comment_status":"closed","ping_status":"closed","template":"","meta":{"footnotes":""},"class_list":["post-556","page","type-page","status-publish","hentry"],"_links":{"self":[{"href":"https:\/\/summerhouse.ee\/ger\/wp-json\/wp\/v2\/pages\/556","targetHints":{"allow":["GET"]}}],"collection":[{"href":"https:\/\/summerhouse.ee\/ger\/wp-json\/wp\/v2\/pages"}],"about":[{"href":"https:\/\/summerhouse.ee\/ger\/wp-json\/wp\/v2\/types\/page"}],"author":[{"embeddable":true,"href":"https:\/\/summerhouse.ee\/ger\/wp-json\/wp\/v2\/users\/1"}],"replies":[{"embeddable":true,"href":"https:\/\/summerhouse.ee\/ger\/wp-json\/wp\/v2\/comments?post=556"}],"version-history":[{"count":1,"href":"https:\/\/summerhouse.ee\/ger\/wp-json\/wp\/v2\/pages\/556\/revisions"}],"predecessor-version":[{"id":557,"href":"https:\/\/summerhouse.ee\/ger\/wp-json\/wp\/v2\/pages\/556\/revisions\/557"}],"wp:attachment":[{"href":"https:\/\/summerhouse.ee\/ger\/wp-json\/wp\/v2\/media?parent=556"}],"curies":[{"name":"wp","href":"https:\/\/api.w.org\/{rel}","templated":true}]}}