{"id":559,"date":"2025-10-10T11:48:13","date_gmt":"2025-10-10T11:48:13","guid":{"rendered":"https:\/\/summerhouse.ee\/vana\/?page_id=559"},"modified":"2025-10-10T12:06:16","modified_gmt":"2025-10-10T12:06:16","slug":"559-2","status":"publish","type":"page","link":"https:\/\/summerhouse.ee\/ger\/et\/559-2\/","title":{"rendered":"Maja mugavused"},"content":{"rendered":"\n<div class=\"wp-block-group is-layout-flow wp-block-group-is-layout-flow\" style=\"margin-top:0;margin-bottom:0\">\n<div class=\"wp-block-cover\" style=\"min-height:450px;aspect-ratio:unset;\"><img loading=\"lazy\" decoding=\"async\" width=\"2560\" height=\"1707\" class=\"wp-block-cover__image-background wp-image-230\" alt=\"\" src=\"https:\/\/summerhouse.ee\/vana\/wp-content\/uploads\/2024\/11\/ML-4119-scaled.jpg\" data-object-fit=\"cover\" srcset=\"https:\/\/summerhouse.ee\/ger\/wp-content\/uploads\/2024\/11\/ML-4119-scaled.jpg 2560w, https:\/\/summerhouse.ee\/ger\/wp-content\/uploads\/2024\/11\/ML-4119-300x200.jpg 300w, https:\/\/summerhouse.ee\/ger\/wp-content\/uploads\/2024\/11\/ML-4119-1024x683.jpg 1024w, https:\/\/summerhouse.ee\/ger\/wp-content\/uploads\/2024\/11\/ML-4119-768x512.jpg 768w, https:\/\/summerhouse.ee\/ger\/wp-content\/uploads\/2024\/11\/ML-4119-1536x1024.jpg 1536w, https:\/\/summerhouse.ee\/ger\/wp-content\/uploads\/2024\/11\/ML-4119-2048x1365.jpg 2048w\" sizes=\"auto, (max-width: 2560px) 100vw, 2560px\" \/><span aria-hidden=\"true\" class=\"wp-block-cover__background has-contrast-background-color has-background-dim\"><\/span><div class=\"wp-block-cover__inner-container has-global-padding is-layout-constrained wp-block-cover-is-layout-constrained\"><h2 class=\"has-text-align-center has-link-color wp-elements-6185a3863d3d479784602f2f05360429 wp-block-post-title has-text-color has-base-color\">Maja mugavused<\/h2><\/div><\/div>\n\n\n\n<h1 class=\"wp-block-heading\"><strong>Just nagu kodus<\/strong><\/h1>\n<\/div>\n\n\n\n<p id=\"block-8db0cc5c-2bae-41d2-9a24-db3b40152634\">Kui otsid puutumatut loodust ja rahulikku vaikust, oled leidnud t\u00e4iusliku paiga!<\/p>\n\n\n\n<p>Vaikses ja looduskaunis \u00fcmbruses asuv suvemaja on \u00fcmbritsetud metsiku looduse ja puutumatu maastikuga \u2013 ideaalne paik neile, kes hindavad rahu ja vaikust. Suvemaja ja saun on algselt ehitatud 1999. aastal ning l\u00e4binud 2021. aastal p\u00f5hjaliku uuenduskuuri, \u00fchendades kaasaegse mugavuse ajatult hubase v\u00f5luga.<\/p>\n\n\n\n<p id=\"block-727b4075-31fa-4bc6-9308-d8247f67ece2\">Kogu vajalik on olemas \u2013 lihtsalt paki kott ja lase Hiiumaa Summerhouse&#8217;il end oma sooja k\u00fclalislahkusega vastu v\u00f5tta.<\/p>\n\n\n\n<h2 class=\"wp-block-heading\" id=\"block-3cda9b57-0461-41c8-815d-4e36adf17fe9\"><strong>Mahutab kuni 6 inimest<\/strong><\/h2>\n\n\n\n<p id=\"block-ff1c0f1b-f0b1-4e37-82bc-a2d0085c2392\">Hiiumaa Summerhouse on piisavalt avar, et majutada mugavalt kuni 6 inimest.<br>Sobib ideaalselt \u00fchele perele v\u00f5i v\u00e4iksemale s\u00f5pruskonnale.<\/p>\n\n\n\n<p>Esimesel korrusel asub avar magamistuba\u00a0kaheinimesevoodiga (king size).<br>Teisel korrusel on\u00a0avatud magamistuba, kus on\u00a0kaheinimesevoodi, \u00fcheinimesevoodi\u00a0ning v\u00f5imalus lisada\u00a0\u00fcks lisavoodi.<\/p>\n\n\n\n<p id=\"block-7dac99c5-e3ce-4148-86da-31b2f5e91b00\">Vajadusel saab\u00a0sauna eesruumi paigutada veel\u00a0kaks lisavoodit.<\/p>\n\n\n\n<h2 class=\"wp-block-heading\" id=\"block-92244955-0fa7-4360-a66f-e4126125d69e\"><strong>Maja mugavused<\/strong><\/h2>\n\n\n\n<p id=\"block-c0bc1339-78db-42e1-b4d8-66d146bc6289\"><strong>K\u00f6\u00f6k<\/strong><\/p>\n\n\n\n<ul id=\"block-75583709-11f8-4ff3-b714-8c842f4945c0\" class=\"wp-block-list\">\n<li>S\u00f6\u00f6gilaud<\/li>\n\n\n\n<li>Puhastusvahendid<\/li>\n\n\n\n<li>R\u00f6ster<\/li>\n\n\n\n<li>Elektriahi<\/li>\n\n\n\n<li>K\u00f6\u00f6gin\u00f5ud<\/li>\n\n\n\n<li>Veekeetja<\/li>\n\n\n\n<li>N\u00f5udepesumasin<\/li>\n\n\n\n<li>K\u00fclmik koos s\u00fcgavk\u00fclmaga<\/li>\n<\/ul>\n\n\n\n<p id=\"block-b8ec5447-cc1d-4a4b-921f-cb0e6682b5d1\"><strong>Du\u0161\u0161iruum \/ WC<\/strong><\/p>\n\n\n\n<ul id=\"block-52859efd-39e1-464e-a562-8ec744f9d6f1\" class=\"wp-block-list\">\n<li>WC<\/li>\n\n\n\n<li>Pesumasin<\/li>\n\n\n\n<li>R\u00e4tikud<\/li>\n\n\n\n<li>Du\u0161\u0161<\/li>\n\n\n\n<li>F\u00f6\u00f6n<\/li>\n\n\n\n<li>Shampoon ja pesuvahendid, kehakreem<\/li>\n<\/ul>\n\n\n\n<p id=\"block-7809b078-d9d3-466e-a869-07e10f0de522\"><strong>Turvalisus ja ohutus<\/strong><\/p>\n\n\n\n<ul id=\"block-82739138-85b5-4ae9-a986-213b75054a03\" class=\"wp-block-list\">\n<li>Tulekustuti<\/li>\n\n\n\n<li>Suitsu- ja vingugaasiandur<\/li>\n\n\n\n<li>Seif<\/li>\n<\/ul>\n\n\n\n<p id=\"block-e178d9fe-212d-4c53-be6e-4acff0822121\"><strong>Eluruum<\/strong><\/p>\n\n\n\n<ul id=\"block-f1a372f1-365f-48df-9319-2f084616b07b\" class=\"wp-block-list\">\n<li>S\u00f6\u00f6giala<\/li>\n\n\n\n<li>Diivan<\/li>\n\n\n\n<li>Kamin<\/li>\n<\/ul>\n\n\n\n<p id=\"block-4daf9244-2f28-41f3-9f68-00a9296bcb51\"><strong>Meedia<\/strong><\/p>\n\n\n\n<ul id=\"block-85ff415e-6b04-4718-9010-8e6c502228c4\" class=\"wp-block-list\">\n<li>Televiisor koos p\u00f5hikanalitega<\/li>\n\n\n\n<li>Netflix<\/li>\n\n\n\n<li>Wifi<\/li>\n<\/ul>\n\n\n\n<p id=\"block-c5c466b0-cced-4cbe-90de-3abf1e7bac8a\"><strong>Toa mugavused<\/strong><\/p>\n\n\n\n<ul id=\"block-4c83c524-75d3-43bc-85c2-2c9bb3c5c7ac\" class=\"wp-block-list\">\n<li>Kuivatusrest riietele<\/li>\n\n\n\n<li>K\u00fcte<\/li>\n\n\n\n<li>Konditsioneer<\/li>\n\n\n\n<li>Ventilaator<\/li>\n\n\n\n<li>Tolmuimeja<\/li>\n<\/ul>\n\n\n\n<p id=\"block-aa532ce8-ede4-441e-b461-d9b7f6331d38\"><strong>Parki<\/strong>mine<\/p>\n\n\n\n<ul id=\"block-ad6a614a-ec7f-4565-abf6-622847c062ff\" class=\"wp-block-list\">\n<li>Tasuta privaatne parkimine<\/li>\n<\/ul>\n\n\n\n<p id=\"block-7b68d302-7346-4ece-9311-7cf47b24a159\"><strong>Aed ja terrass<\/strong><\/p>\n\n\n\n<ul id=\"block-464cb17d-db0c-48c2-80fb-c8b0b8d010da\" class=\"wp-block-list\">\n<li>\u00d5uem\u00f6\u00f6bel<\/li>\n\n\n\n<li>\u00d5ue s\u00f6\u00f6giala<\/li>\n\n\n\n<li>P\u00e4ikeseterrass <\/li>\n\n\n\n<li>Grill ja grills\u00fcsi<\/li>\n\n\n\n<li>R\u00f5du<\/li>\n\n\n\n<li>Terrass<\/li>\n\n\n\n<li>Aed<\/li>\n<\/ul>\n\n\n\n<p id=\"block-cfa15dfb-42a0-45e6-a23b-b9eb25db7db1\"><strong> Saun<\/strong><\/p>\n\n\n\n<ul id=\"block-7b32285f-8540-4fcf-8669-d5845a718c06\" class=\"wp-block-list\">\n<li>Saunamaja \u00f5ues<\/li>\n\n\n\n<li>R\u00e4tikud<\/li>\n\n\n\n<li>Shampoonid ja pesuvahendid<\/li>\n<\/ul>\n\n\n\n<p id=\"block-6620d748-e732-47de-8c47-bdadad4c9a54\"><strong>Vabaajategevused<\/strong><\/p>\n\n\n\n<ul id=\"block-90ca2cb1-dc38-48c2-a019-daa9da42a838\" class=\"wp-block-list\">\n<li>Matkamine<\/li>\n\n\n\n<li>Ratastega s\u00f5itmine<\/li>\n\n\n\n<li>Lugemine (raamaturiiul)<\/li>\n\n\n\n<li>Grillimine <\/li>\n\n\n\n<li>L\u00e4hedal linnuvaatlustorn, sadam ja matkarajad<\/li>\n<\/ul>\n\n\n\n<p>Broneeri majutus<\/p>\n\n\n\n<p><\/p>\n","protected":false},"excerpt":{"rendered":"<p>Just nagu kodus Kui otsid puutumatut loodust ja rahulikku vaikust, oled leidnud t\u00e4iusliku paiga! Vaikses ja looduskaunis \u00fcmbruses asuv suvemaja on \u00fcmbritsetud metsiku looduse ja puutumatu maastikuga \u2013 ideaalne paik neile, kes hindavad rahu ja vaikust. Suvemaja ja saun on algselt ehitatud 1999. aastal ning l\u00e4binud 2021. aastal p\u00f5hjaliku uuenduskuuri, \u00fchendades kaasaegse mugavuse ajatult hubase [&hellip;]<\/p>\n","protected":false},"author":1,"featured_media":0,"parent":0,"menu_order":0,"comment_status":"closed","ping_status":"closed","template":"","meta":{"footnotes":""},"class_list":["post-559","page","type-page","status-publish","hentry"],"_links":{"self":[{"href":"https:\/\/summerhouse.ee\/ger\/wp-json\/wp\/v2\/pages\/559","targetHints":{"allow":["GET"]}}],"collection":[{"href":"https:\/\/summerhouse.ee\/ger\/wp-json\/wp\/v2\/pages"}],"about":[{"href":"https:\/\/summerhouse.ee\/ger\/wp-json\/wp\/v2\/types\/page"}],"author":[{"embeddable":true,"href":"https:\/\/summerhouse.ee\/ger\/wp-json\/wp\/v2\/users\/1"}],"replies":[{"embeddable":true,"href":"https:\/\/summerhouse.ee\/ger\/wp-json\/wp\/v2\/comments?post=559"}],"version-history":[{"count":3,"href":"https:\/\/summerhouse.ee\/ger\/wp-json\/wp\/v2\/pages\/559\/revisions"}],"predecessor-version":[{"id":563,"href":"https:\/\/summerhouse.ee\/ger\/wp-json\/wp\/v2\/pages\/559\/revisions\/563"}],"wp:attachment":[{"href":"https:\/\/summerhouse.ee\/ger\/wp-json\/wp\/v2\/media?parent=559"}],"curies":[{"name":"wp","href":"https:\/\/api.w.org\/{rel}","templated":true}]}}