{"id":579,"date":"2025-10-10T12:55:32","date_gmt":"2025-10-10T12:55:32","guid":{"rendered":"https:\/\/summerhouse.ee\/vana\/?page_id=579"},"modified":"2025-10-10T12:55:32","modified_gmt":"2025-10-10T12:55:32","slug":"kontaktid","status":"publish","type":"page","link":"https:\/\/summerhouse.ee\/ger\/et\/kontaktid\/","title":{"rendered":"Kontaktid"},"content":{"rendered":"\n<div class=\"wp-block-cover alignfull wp-duotone-unset-1\" style=\"margin-top:0;padding-top:48px;padding-right:48px;padding-bottom:48px;padding-left:48px;min-height:430px;aspect-ratio:unset;\"><img loading=\"lazy\" decoding=\"async\" width=\"1024\" height=\"683\" class=\"wp-block-cover__image-background wp-image-229 size-large\" alt=\"\" src=\"https:\/\/summerhouse.ee\/vana\/wp-content\/uploads\/2024\/11\/ML-3683-1024x683.jpg\" data-object-fit=\"cover\" srcset=\"https:\/\/summerhouse.ee\/ger\/wp-content\/uploads\/2024\/11\/ML-3683-1024x683.jpg 1024w, https:\/\/summerhouse.ee\/ger\/wp-content\/uploads\/2024\/11\/ML-3683-300x200.jpg 300w, https:\/\/summerhouse.ee\/ger\/wp-content\/uploads\/2024\/11\/ML-3683-768x512.jpg 768w, https:\/\/summerhouse.ee\/ger\/wp-content\/uploads\/2024\/11\/ML-3683-1536x1024.jpg 1536w, https:\/\/summerhouse.ee\/ger\/wp-content\/uploads\/2024\/11\/ML-3683-2048x1365.jpg 2048w\" sizes=\"auto, (max-width: 1024px) 100vw, 1024px\" \/><span aria-hidden=\"true\" class=\"wp-block-cover__background has-background-dim-30 has-background-dim\" style=\"background-color:#6b6252\"><\/span><div class=\"wp-block-cover__inner-container is-layout-flow wp-block-cover-is-layout-flow\">\n<div class=\"wp-block-group has-global-padding is-content-justification-left is-layout-constrained wp-container-core-group-is-layout-0b562c1c wp-block-group-is-layout-constrained\">\n<p class=\"has-text-align-left\"><\/p>\n<\/div>\n\n\n\n<div style=\"height:72px\" aria-hidden=\"true\" class=\"wp-block-spacer\"><\/div>\n<\/div><\/div>\n\n\n\n<p>Hiiumaa Summerhouse<br>www.summerhouse.ee<br>Phone: +372 50 49 623<br>e-mail: hello@summerhouse.ee<\/p>\n\n\n\n<p>Summerhouse O\u00dc<br>Vassu, Orjaku k\u00fcla, Hiiumaa vald, Hiiu maakond 92114<\/p>\n\n\n\n<p>Rohkem infot: Kuidas j\u00f5uda kohale<\/p>\n\n\n\n<figure class=\"wp-block-image size-large is-resized\"><img loading=\"lazy\" decoding=\"async\" width=\"1024\" height=\"1024\" src=\"https:\/\/summerhouse.ee\/vana\/wp-content\/uploads\/2024\/11\/HiiumaaSummerhouse-Logo-KassariAlt-Color-DarkBlue-1024x1024.png\" alt=\"\" class=\"wp-image-44\" style=\"width:293px;height:auto\" srcset=\"https:\/\/summerhouse.ee\/ger\/wp-content\/uploads\/2024\/11\/HiiumaaSummerhouse-Logo-KassariAlt-Color-DarkBlue-1024x1024.png 1024w, https:\/\/summerhouse.ee\/ger\/wp-content\/uploads\/2024\/11\/HiiumaaSummerhouse-Logo-KassariAlt-Color-DarkBlue-300x300.png 300w, https:\/\/summerhouse.ee\/ger\/wp-content\/uploads\/2024\/11\/HiiumaaSummerhouse-Logo-KassariAlt-Color-DarkBlue-150x150.png 150w, https:\/\/summerhouse.ee\/ger\/wp-content\/uploads\/2024\/11\/HiiumaaSummerhouse-Logo-KassariAlt-Color-DarkBlue-768x768.png 768w, https:\/\/summerhouse.ee\/ger\/wp-content\/uploads\/2024\/11\/HiiumaaSummerhouse-Logo-KassariAlt-Color-DarkBlue-1536x1536.png 1536w, https:\/\/summerhouse.ee\/ger\/wp-content\/uploads\/2024\/11\/HiiumaaSummerhouse-Logo-KassariAlt-Color-DarkBlue-2048x2048.png 2048w\" sizes=\"auto, (max-width: 1024px) 100vw, 1024px\" \/><\/figure>\n\n\n\n<p><\/p>\n","protected":false},"excerpt":{"rendered":"<p>Hiiumaa Summerhousewww.summerhouse.eePhone: +372 50 49 623e-mail: hello@summerhouse.ee Summerhouse O\u00dcVassu, Orjaku k\u00fcla, Hiiumaa vald, Hiiu maakond 92114 Rohkem infot: Kuidas j\u00f5uda kohale<\/p>\n","protected":false},"author":1,"featured_media":0,"parent":0,"menu_order":0,"comment_status":"closed","ping_status":"closed","template":"","meta":{"footnotes":""},"class_list":["post-579","page","type-page","status-publish","hentry"],"_links":{"self":[{"href":"https:\/\/summerhouse.ee\/ger\/wp-json\/wp\/v2\/pages\/579","targetHints":{"allow":["GET"]}}],"collection":[{"href":"https:\/\/summerhouse.ee\/ger\/wp-json\/wp\/v2\/pages"}],"about":[{"href":"https:\/\/summerhouse.ee\/ger\/wp-json\/wp\/v2\/types\/page"}],"author":[{"embeddable":true,"href":"https:\/\/summerhouse.ee\/ger\/wp-json\/wp\/v2\/users\/1"}],"replies":[{"embeddable":true,"href":"https:\/\/summerhouse.ee\/ger\/wp-json\/wp\/v2\/comments?post=579"}],"version-history":[{"count":1,"href":"https:\/\/summerhouse.ee\/ger\/wp-json\/wp\/v2\/pages\/579\/revisions"}],"predecessor-version":[{"id":580,"href":"https:\/\/summerhouse.ee\/ger\/wp-json\/wp\/v2\/pages\/579\/revisions\/580"}],"wp:attachment":[{"href":"https:\/\/summerhouse.ee\/ger\/wp-json\/wp\/v2\/media?parent=579"}],"curies":[{"name":"wp","href":"https:\/\/api.w.org\/{rel}","templated":true}]}}