{"id":664,"date":"2025-11-27T14:51:47","date_gmt":"2025-11-27T14:51:47","guid":{"rendered":"https:\/\/summerhouse.ee\/ger\/?page_id=664"},"modified":"2026-02-09T08:34:24","modified_gmt":"2026-02-09T08:34:24","slug":"664-2","status":"publish","type":"page","link":"https:\/\/summerhouse.ee\/ger\/664-2\/","title":{"rendered":"\u00dcber uns"},"content":{"rendered":"\n<p><\/p>\n\n\n\n<div class=\"wp-block-cover alignfull is-light\" style=\"min-height:383px;aspect-ratio:unset;\"><span aria-hidden=\"true\" class=\"wp-block-cover__background has-background-dim-100 has-background-dim\" style=\"background-color:#ffffff\"><\/span><div class=\"wp-block-cover__inner-container is-layout-flow wp-block-cover-is-layout-flow\">\n<div class=\"wp-block-media-text alignwide has-media-on-the-right is-stacked-on-mobile is-vertically-aligned-center is-image-fill-element\" style=\"grid-template-columns:auto 44%\"><div class=\"wp-block-media-text__content\">\n<h2 class=\"wp-block-heading has-text-color\" style=\"color:#000000;font-size:clamp(20px, 1.25rem + ((1vw - 3.2px) * 1.165), 32px);\"><strong>Hallo!<\/strong><\/h2>\n\n\n\n<p class=\"has-text-color\" style=\"color:#000000;font-size:clamp(14px, 0.875rem + ((1vw - 3.2px) * 0.291), 17px);\">Wir sind Kristi und Marko, zusammen mit Emma und Eva sind wir die Menschen hinter dem Hiiumaa Summerhouse.<\/p>\n\n\n\n<p class=\"has-text-color\" style=\"color:#000000;font-size:clamp(14px, 0.875rem + ((1vw - 3.2px) * 0.291), 17px);\">Wir leben in Tallinn, wo Kristi im Marketing- und Kommunikationsbereich arbeitet und Marko in der Medienbranche ein Unternehmen leitet. Gerade weil unser Arbeits- und Familienleben in Tallinn verankert ist, ist Hiiumaa f\u00fcr uns ein Ort des Ankommens \u2013 ein Raum, in dem die Zeit langsamer flie\u00dft, Pflichten in den Hintergrund treten und die Seele wirklich zur Ruhe kommt. Deshalb verbringen wir eigentlich schon immer ein Drittel des Jahres auf Hiiumaa, auf der kleinen Insel Kassari im Dorf Orjaku.<\/p>\n<\/div><figure class=\"wp-block-media-text__media\"><img loading=\"lazy\" decoding=\"async\" width=\"1024\" height=\"462\" src=\"https:\/\/summerhouse.ee\/ger\/wp-content\/uploads\/2025\/11\/Screenshot-2025-11-25-at-16.45.24-1024x462.png\" alt=\"\" class=\"wp-image-665 size-full\" style=\"object-position:50% 50%\" srcset=\"https:\/\/summerhouse.ee\/ger\/wp-content\/uploads\/2025\/11\/Screenshot-2025-11-25-at-16.45.24-1024x462.png 1024w, https:\/\/summerhouse.ee\/ger\/wp-content\/uploads\/2025\/11\/Screenshot-2025-11-25-at-16.45.24-300x135.png 300w, https:\/\/summerhouse.ee\/ger\/wp-content\/uploads\/2025\/11\/Screenshot-2025-11-25-at-16.45.24-768x347.png 768w, https:\/\/summerhouse.ee\/ger\/wp-content\/uploads\/2025\/11\/Screenshot-2025-11-25-at-16.45.24-1536x693.png 1536w, https:\/\/summerhouse.ee\/ger\/wp-content\/uploads\/2025\/11\/Screenshot-2025-11-25-at-16.45.24-2048x924.png 2048w\" sizes=\"auto, (max-width: 1024px) 100vw, 1024px\" \/><\/figure><\/div>\n<\/div><\/div>\n\n\n\n<div class=\"wp-block-media-text alignfull is-stacked-on-mobile is-vertically-aligned-center is-style-default\"><figure class=\"wp-block-media-text__media\"><img loading=\"lazy\" decoding=\"async\" width=\"1024\" height=\"842\" src=\"https:\/\/summerhouse.ee\/ger\/wp-content\/uploads\/2025\/11\/Screenshot-2025-11-25-at-16.56.56-1024x842.png\" alt=\"\" class=\"wp-image-666 size-full\" srcset=\"https:\/\/summerhouse.ee\/ger\/wp-content\/uploads\/2025\/11\/Screenshot-2025-11-25-at-16.56.56-1024x842.png 1024w, https:\/\/summerhouse.ee\/ger\/wp-content\/uploads\/2025\/11\/Screenshot-2025-11-25-at-16.56.56-300x247.png 300w, https:\/\/summerhouse.ee\/ger\/wp-content\/uploads\/2025\/11\/Screenshot-2025-11-25-at-16.56.56-768x632.png 768w, https:\/\/summerhouse.ee\/ger\/wp-content\/uploads\/2025\/11\/Screenshot-2025-11-25-at-16.56.56-1536x1263.png 1536w, https:\/\/summerhouse.ee\/ger\/wp-content\/uploads\/2025\/11\/Screenshot-2025-11-25-at-16.56.56.png 1868w\" sizes=\"auto, (max-width: 1024px) 100vw, 1024px\" \/><\/figure><div class=\"wp-block-media-text__content\">\n<p>Wir sind viel gereist und haben dabei festgestellt, dass es uns immer wieder zu Orten zieht, an denen Tourismus nicht in Massen gemessen wird. Orte, an denen man lokalen Geschichten lauschen, mit jemandem am K\u00fcchentisch sitzen und sp\u00fcren kann, wie die Menschen wirklich leben. Wo Qualit\u00e4t und schlichter Luxus Hand in Hand gehen: tags\u00fcber frei umherstreifen und entdecken \u2013 und am Abend in einen gem\u00fctlichen, durchdachten und komfortablen R\u00fcckzugsort zur\u00fcckkehren. Wir sch\u00e4tzen ebenso Privatsph\u00e4re und die M\u00f6glichkeit, einfach f\u00fcr uns zu sein.<\/p>\n\n\n\n<p>Genau so einen Ort haben wir mit dem Hiiumaa Summerhouse geschaffen.<\/p>\n\n\n\n<p>Das Hiiumaa Summerhouse ist ein\u00a0privates G\u00e4stehaus, konzipiert als unabh\u00e4ngiger R\u00fcckzugsort f\u00fcr Besucher \u2013 ein ruhiger Ort nur f\u00fcr Sie, um zu entschleunigen, auszuruhen und sich wie zu Hause zu f\u00fchlen.<\/p>\n\n\n\n<p>Wie ein kleines Insel-Agriturismo bietet es zugleich \u2013 wenn Sie m\u00f6chten \u2013 die M\u00f6glichkeit, im Rhythmus der lokalen Gemeinschaft zu leben und das echte Alltagsleben auf&nbsp;Hiiumaa&nbsp;kennenzulernen. Gerne teilen wir unsere pers\u00f6nlichen Empfehlungen, erz\u00e4hlen von hiiumaischen Traditionen und zeigen, was es hier wirklich zu entdecken lohnt.<\/p>\n\n\n\n<p>Nur 15 Gehminuten entfernt liegt der wohl s\u00fc\u00dfeste kleine Hafen der Welt \u2013 mit Restaurant, kulturellen Veranstaltungen und Bootsausfl\u00fcgen, die unseren G\u00e4sten ein weiteres Fenster in das Inselleben \u00f6ffnen.<\/p>\n<\/div><\/div>\n\n\n\n<blockquote class=\"wp-block-quote is-layout-flow wp-block-quote-is-layout-flow\">\n<blockquote class=\"wp-block-quote is-layout-flow wp-block-quote-is-layout-flow\">\n<p>Seid herzlich willkommen im Hiiumaa Summerhouse \u2013 einem Ort jenseits des Massentourismus, der dennoch ein Erlebnis bietet, das lange in Erinnerung bleibt. <\/p>\n\n\n\n<p>Authentisch, warm, komfortabel und echt.<\/p>\n<\/blockquote>\n<\/blockquote>\n","protected":false},"excerpt":{"rendered":"<p>Wir sind viel gereist und haben dabei festgestellt, dass es uns immer wieder zu Orten zieht, an denen Tourismus nicht in Massen gemessen wird. Orte, an denen man lokalen Geschichten lauschen, mit jemandem am K\u00fcchentisch sitzen und sp\u00fcren kann, wie die Menschen wirklich leben. Wo Qualit\u00e4t und schlichter Luxus Hand in Hand gehen: tags\u00fcber frei [&hellip;]<\/p>\n","protected":false},"author":1,"featured_media":0,"parent":0,"menu_order":0,"comment_status":"closed","ping_status":"closed","template":"","meta":{"footnotes":""},"class_list":["post-664","page","type-page","status-publish","hentry"],"_links":{"self":[{"href":"https:\/\/summerhouse.ee\/ger\/wp-json\/wp\/v2\/pages\/664","targetHints":{"allow":["GET"]}}],"collection":[{"href":"https:\/\/summerhouse.ee\/ger\/wp-json\/wp\/v2\/pages"}],"about":[{"href":"https:\/\/summerhouse.ee\/ger\/wp-json\/wp\/v2\/types\/page"}],"author":[{"embeddable":true,"href":"https:\/\/summerhouse.ee\/ger\/wp-json\/wp\/v2\/users\/1"}],"replies":[{"embeddable":true,"href":"https:\/\/summerhouse.ee\/ger\/wp-json\/wp\/v2\/comments?post=664"}],"version-history":[{"count":3,"href":"https:\/\/summerhouse.ee\/ger\/wp-json\/wp\/v2\/pages\/664\/revisions"}],"predecessor-version":[{"id":679,"href":"https:\/\/summerhouse.ee\/ger\/wp-json\/wp\/v2\/pages\/664\/revisions\/679"}],"wp:attachment":[{"href":"https:\/\/summerhouse.ee\/ger\/wp-json\/wp\/v2\/media?parent=664"}],"curies":[{"name":"wp","href":"https:\/\/api.w.org\/{rel}","templated":true}]}}